{"id":7,"date":"2015-11-14T10:58:38","date_gmt":"2015-11-14T10:58:38","guid":{"rendered":"http:\/\/3baydavet.com\/?page_id=7"},"modified":"2021-01-01T17:26:49","modified_gmt":"2021-01-01T14:26:49","slug":"home","status":"publish","type":"page","link":"http:\/\/3baydavet.com\/","title":{"rendered":"3Bay Davet Organizasyon"},"content":{"rendered":"<p><div class=\"fusion-fullwidth fullwidth-box fusion-builder-row-1 fusion-flex-container nonhundred-percent-fullwidth non-hundred-percent-height-scrolling\" style=\"background-color: #ffffff;background-position: left top;background-repeat: no-repeat;border-width: 0px 0px 0px 0px;border-color:#eae9e9;border-style:solid;\" ><div class=\"fusion-builder-row fusion-row fusion-flex-align-items-flex-start\" style=\"max-width:calc( 1170px + 0px );margin-left: calc(-0px \/ 2 );margin-right: calc(-0px \/ 2 );\"><div class=\"fusion-layout-column fusion_builder_column fusion-builder-column-0 fusion_builder_column_1_1 1_1 fusion-flex-column\"><div class=\"fusion-column-wrapper fusion-flex-justify-content-flex-start fusion-content-layout-column\" style=\"background-position:left top;background-repeat:no-repeat;-webkit-background-size:cover;-moz-background-size:cover;-o-background-size:cover;background-size:cover;padding: 0% 15% 0% 15%;\"><style type=\"text\/css\">@media only screen and (max-width:1024px) {.fusion-title.fusion-title-1{margin-top:0px!important;margin-bottom:20px!important;}}<\/style><div class=\"fusion-title title fusion-title-1 fusion-sep-none fusion-title-center fusion-title-text fusion-title-size-three\" style=\"margin-top:0px;margin-bottom:20px;\"><h3 class=\"title-heading-center\" style=\"margin:0;\">3BAY DAVET ORGAN\u0130ZASYON<\/h3><\/div><div class=\"fusion-text fusion-text-1\" style=\"text-align:center;\"><p>D\u00fc\u011f\u00fcn, Davet, Organizasyon, Kurumsal A\u00e7\u0131l\u0131\u015f ve Davetler, Ni\u015fan, S\u00f6z, K\u0131na, Do\u011fum G\u00fcn\u00fc vb. davetlerinizde tecr\u00fcbeli ve uzman personelimiz, trend \u00fcr\u00fcnlerin kiralama ve uygulamas\u0131nda hizmetinizdeyiz.<\/p>\n<\/div><div ><style type=\"text\/css\">.fusion-button.button-1 .fusion-button-text, .fusion-button.button-1 i {color:#ffffff;}.fusion-button.button-1 .fusion-button-icon-divider{border-color:#ffffff;}.fusion-button.button-1:hover .fusion-button-text, .fusion-button.button-1:hover i,.fusion-button.button-1:focus .fusion-button-text, .fusion-button.button-1:focus i,.fusion-button.button-1:active .fusion-button-text, .fusion-button.button-1:active{color:#ffffff;}.fusion-button.button-1:hover .fusion-button-icon-divider, .fusion-button.button-1:hover .fusion-button-icon-divider, .fusion-button.button-1:active .fusion-button-icon-divider{border-color:#ffffff;}.fusion-button.button-1:hover, .fusion-button.button-1:focus, .fusion-button.button-1:active{border-color:#4b4e52;}.fusion-button.button-1 {border-color:#cccccc;border-radius:0px;}.fusion-button.button-1.button-3d{-webkit-box-shadow: inset 0px 1px 0px #fff,0px 5px 0px #ffffff,1px 7px 7px 3px rgba(0,0,0,0.3);-moz-box-shadow: inset 0px 1px 0px #fff,0px 5px 0px #ffffff,1px 7px 7px 3px rgba(0,0,0,0.3);box-shadow: inset 0px 1px 0px #fff,0px 5px 0px #ffffff,1px 7px 7px 3px rgba(0,0,0,0.3);}.button-1.button-3d:active{-webkit-box-shadow: inset 0px 1px 0px #fff,0px 5px 0px #ffffff,1px 7px 7px 3px rgba(0,0,0,0.3);-moz-box-shadow: inset 0px 1px 0px #fff,0px 5px 0px #ffffff,1px 7px 7px 3px rgba(0,0,0,0.3);box-shadow: inset 0px 1px 0px #fff,0px 5px 0px #ffffff,1px 7px 7px 3px rgba(0,0,0,0.3);}.fusion-button.button-1{background: #8302f4;\n\t\t\t\t\t\t\tbackground-image: -webkit-gradient( linear, left bottom, left top, from( #3806dd ), to( #8302f4 ) );\n\t\t\t\t\t\t\tbackground-image: -webkit-linear-gradient( bottom, #3806dd, #8302f4 );\n\t\t\t\t\t\t\tbackground-image:   -moz-linear-gradient( bottom, #3806dd, #8302f4 );\n\t\t\t\t\t\t\tbackground-image:     -o-linear-gradient( bottom, #3806dd, #8302f4 );\n\t\t\t\t\t\t\tbackground-image: linear-gradient( to top, #3806dd, #8302f4 );}.fusion-button.button-1:hover,.button-1:focus,.fusion-button.button-1:active{background: #e91e63;\n\t\t\t\t\t\t\tbackground-image: -webkit-gradient( linear, left bottom, left top, from( #770921 ), to( #e91e63 ) );\n\t\t\t\t\t\t\tbackground-image: -webkit-linear-gradient( bottom, #770921, #e91e63 );\n\t\t\t\t\t\t\tbackground-image:   -moz-linear-gradient( bottom, #770921, #e91e63 );\n\t\t\t\t\t\t\tbackground-image:     -o-linear-gradient( bottom, #770921, #e91e63 );\n\t\t\t\t\t\t\tbackground-image: linear-gradient( to top, #770921, #e91e63 );}<\/style><a class=\"fusion-button button-3d fusion-button-default-size button-custom button-1 fusion-button-default-span \" target=\"_blank\" rel=\"noopener noreferrer\" 3baydavet.com\/katalog_2021.pdf href=\"http:\/\/3baydavet.com\/katalog_2021.pdf\"><i class=\"fa-file-pdf fas button-icon-left\" aria-hidden=\"true\"><\/i><span class=\"fusion-button-text\">Katalo\u011fumuz<\/span><\/a><\/div><\/div><\/div><style type=\"text\/css\">.fusion-body .fusion-builder-column-0{width:100% !important;margin-top : 0px;margin-bottom : 50px;}.fusion-builder-column-0 > .fusion-column-wrapper {padding-top : 0% !important;padding-right : 15% !important;margin-right : 0px;padding-bottom : 0% !important;padding-left : 15% !important;margin-left : 0px;}@media only screen and (max-width:1024px) {.fusion-body .fusion-builder-column-0{width:100% !important;}.fusion-builder-column-0 > .fusion-column-wrapper {margin-right : 0px;margin-left : 0px;}}@media only screen and (max-width:640px) {.fusion-body .fusion-builder-column-0{width:100% !important;margin-bottom : 20px;}.fusion-builder-column-0 > .fusion-column-wrapper {margin-right : 0px;margin-left : 0px;}}<\/style><\/div><style type=\"text\/css\">.fusion-body .fusion-flex-container.fusion-builder-row-1{ padding-top : 40px;margin-top : 0px;padding-right : 0px;padding-bottom : 2.5%;margin-bottom : 0px;padding-left : 0px;}<\/style><\/div><div class=\"fusion-fullwidth fullwidth-box fusion-builder-row-2 fusion-flex-container hundred-percent-fullwidth non-hundred-percent-height-scrolling\" style=\"background-color: #ffffff;background-position: left top;background-repeat: no-repeat;border-width: 0px 0px 0px 0px;border-color:#eae9e9;border-style:solid;\" ><div class=\"fusion-builder-row fusion-row fusion-flex-align-items-flex-start\" style=\"width:104% !important;max-width:104% !important;margin-left: calc(-4% \/ 2 );margin-right: calc(-4% \/ 2 );\"><div class=\"fusion-layout-column fusion_builder_column fusion-builder-column-1 fusion_builder_column_1_1 1_1 fusion-flex-column fusion-flex-align-self-flex-start fusion-column-no-min-height\"><div class=\"fusion-column-wrapper fusion-flex-justify-content-flex-start fusion-content-layout-column\" style=\"background-position:left top;background-repeat:no-repeat;-webkit-background-size:cover;-moz-background-size:cover;-o-background-size:cover;background-size:cover;padding: 0px 0px 0px 0px;\"><style type=\"text\/css\">.fusion-portfolio-wrapper#fusion-portfolio-1 .fusion-portfolio-content{ padding: 25px 25px 25px 25px; text-align: center; }<\/style><div class=\"fusion-recent-works fusion-portfolio-element fusion-portfolio fusion-portfolio-1 fusion-portfolio-grid fusion-portfolio-paging-none fusion-portfolio-three fusion-portfolio-boxed fusion-portfolio-text fusion-portfolio-rollover\" data-id=\"-rw-1\" data-columns=\"three\"><style type=\"text\/css\">.fusion-portfolio-1 .fusion-portfolio-wrapper .fusion-col-spacing{padding:20px;}<\/style><div class=\"fusion-portfolio-wrapper\" id=\"fusion-portfolio-1\" data-picturesize=\"auto\" data-pages=\"1\" style=\"margin:-20px;\"><article id=\"portfolio-1-post-148\" class=\"fusion-portfolio-post mountain tropical fusion-col-spacing post-148\"><div class=\"fusion-portfolio-content-wrapper\" style=\"border:1px solid #ebeaea;border-bottom-width:3px;background-color:rgba(255,255,255,0);\"><span class=\"vcard rich-snippet-hidden\"><span class=\"fn\"><a href=\"http:\/\/3baydavet.com\/?author=1\" title=\"3BayDavet taraf\u0131ndan yaz\u0131lan yaz\u0131lar\" rel=\"author\">3BayDavet<\/a><\/span><\/span><span class=\"updated rich-snippet-hidden\">2020-12-31T17:11:54+03:00<\/span>\n\n<div  class=\"fusion-image-wrapper\" aria-haspopup=\"true\">\n\t\n\t\n\t\t\n\t\t\t\t\t<img decoding=\"async\" width=\"2050\" height=\"1542\" src=\"http:\/\/3baydavet.com\/wp-content\/uploads\/2015\/11\/6L5A9918-scaled-e1609423861759.jpg\" class=\"attachment-full size-full wp-post-image\" alt=\"\" srcset=\"http:\/\/3baydavet.com\/wp-content\/uploads\/2015\/11\/6L5A9918-scaled-e1609423861759-200x150.jpg 200w, http:\/\/3baydavet.com\/wp-content\/uploads\/2015\/11\/6L5A9918-scaled-e1609423861759-400x301.jpg 400w, http:\/\/3baydavet.com\/wp-content\/uploads\/2015\/11\/6L5A9918-scaled-e1609423861759-600x451.jpg 600w, http:\/\/3baydavet.com\/wp-content\/uploads\/2015\/11\/6L5A9918-scaled-e1609423861759-800x602.jpg 800w, http:\/\/3baydavet.com\/wp-content\/uploads\/2015\/11\/6L5A9918-scaled-e1609423861759-1200x903.jpg 1200w, http:\/\/3baydavet.com\/wp-content\/uploads\/2015\/11\/6L5A9918-scaled-e1609423861759.jpg 2050w\" sizes=\"(min-width: 2200px) 100vw, (min-width: 1004px) 363px, (min-width: 822px) 545px, (min-width: 640px) 822px, \" \/>\n\t\n\n\t\t<div class=\"fusion-rollover\">\n\t<div class=\"fusion-rollover-content\">\n\n\t\t\t\t\n\t\t\t\t\n\t\t\t\t\t\t\t\t\t\t\t\t<h4 class=\"fusion-rollover-title\">\n\t\t\t\t\t<a class=\"fusion-rollover-title-link\" href=\"http:\/\/3baydavet.com\/?avada_portfolio=dugun\">\n\t\t\t\t\t\tD\u00dc\u011e\u00dcN | DAVET\t\t\t\t\t<\/a>\n\t\t\t\t<\/h4>\n\t\t\t\n\t\t\t\t\t\t\t\t\n\t\t\n\t\t\t\t<a class=\"fusion-link-wrapper\" href=\"http:\/\/3baydavet.com\/?avada_portfolio=dugun\" aria-label=\"D\u00dc\u011e\u00dcN | DAVET\"><\/a>\n\t<\/div>\n<\/div>\n\n\t\n<\/div>\n<div class=\"fusion-portfolio-content\" style=\"background-color:rgba(255,255,255,0);\"><h2 class=\"entry-title fusion-post-title\"><a href=\"http:\/\/3baydavet.com\/?avada_portfolio=dugun\">D\u00dc\u011e\u00dcN | DAVET<\/a><\/h2><div class=\"fusion-post-content\"><\/div><\/div><\/div><\/article><article id=\"portfolio-1-post-146\" class=\"fusion-portfolio-post casual fusion-col-spacing post-146\"><div class=\"fusion-portfolio-content-wrapper\" style=\"border:1px solid #ebeaea;border-bottom-width:3px;background-color:rgba(255,255,255,0);\"><span class=\"vcard rich-snippet-hidden\"><span class=\"fn\"><a href=\"http:\/\/3baydavet.com\/?author=1\" title=\"3BayDavet taraf\u0131ndan yaz\u0131lan yaz\u0131lar\" rel=\"author\">3BayDavet<\/a><\/span><\/span><span class=\"updated rich-snippet-hidden\">2020-12-31T16:35:55+03:00<\/span>\n\n<div  class=\"fusion-image-wrapper\" aria-haspopup=\"true\">\n\t\n\t\n\t\t\n\t\t\t\t\t<img decoding=\"async\" width=\"1600\" height=\"1200\" src=\"http:\/\/3baydavet.com\/wp-content\/uploads\/2020\/09\/IMG-20200813-WA0057.jpg\" class=\"attachment-full size-full wp-post-image\" alt=\"\" srcset=\"http:\/\/3baydavet.com\/wp-content\/uploads\/2020\/09\/IMG-20200813-WA0057-200x150.jpg 200w, http:\/\/3baydavet.com\/wp-content\/uploads\/2020\/09\/IMG-20200813-WA0057-400x300.jpg 400w, http:\/\/3baydavet.com\/wp-content\/uploads\/2020\/09\/IMG-20200813-WA0057-600x450.jpg 600w, http:\/\/3baydavet.com\/wp-content\/uploads\/2020\/09\/IMG-20200813-WA0057-800x600.jpg 800w, http:\/\/3baydavet.com\/wp-content\/uploads\/2020\/09\/IMG-20200813-WA0057-1200x900.jpg 1200w, http:\/\/3baydavet.com\/wp-content\/uploads\/2020\/09\/IMG-20200813-WA0057.jpg 1600w\" sizes=\"(min-width: 2200px) 100vw, (min-width: 1004px) 363px, (min-width: 822px) 545px, (min-width: 640px) 822px, \" \/>\n\t\n\n\t\t<div class=\"fusion-rollover\">\n\t<div class=\"fusion-rollover-content\">\n\n\t\t\t\t\n\t\t\t\t\n\t\t\t\t\t\t\t\t\t\t\t\t<h4 class=\"fusion-rollover-title\">\n\t\t\t\t\t<a class=\"fusion-rollover-title-link\" href=\"http:\/\/3baydavet.com\/?avada_portfolio=kina\">\n\t\t\t\t\t\tKINA\t\t\t\t\t<\/a>\n\t\t\t\t<\/h4>\n\t\t\t\n\t\t\t\t\t\t\t\t\n\t\t\n\t\t\t\t<a class=\"fusion-link-wrapper\" href=\"http:\/\/3baydavet.com\/?avada_portfolio=kina\" aria-label=\"KINA\"><\/a>\n\t<\/div>\n<\/div>\n\n\t\n<\/div>\n<div class=\"fusion-portfolio-content\" style=\"background-color:rgba(255,255,255,0);\"><h2 class=\"entry-title fusion-post-title\"><a href=\"http:\/\/3baydavet.com\/?avada_portfolio=kina\">KINA<\/a><\/h2><div class=\"fusion-post-content\"><\/div><\/div><\/div><\/article><article id=\"portfolio-1-post-144\" class=\"fusion-portfolio-post casual fusion-col-spacing post-144\"><div class=\"fusion-portfolio-content-wrapper\" style=\"border:1px solid #ebeaea;border-bottom-width:3px;background-color:rgba(255,255,255,0);\"><span class=\"vcard rich-snippet-hidden\"><span class=\"fn\"><a href=\"http:\/\/3baydavet.com\/?author=1\" title=\"3BayDavet taraf\u0131ndan yaz\u0131lan yaz\u0131lar\" rel=\"author\">3BayDavet<\/a><\/span><\/span><span class=\"updated rich-snippet-hidden\">2020-12-31T16:35:23+03:00<\/span>\n\n<div  class=\"fusion-image-wrapper\" aria-haspopup=\"true\">\n\t\n\t\n\t\t\n\t\t\t\t\t<img decoding=\"async\" width=\"1600\" height=\"1200\" src=\"http:\/\/3baydavet.com\/wp-content\/uploads\/2020\/09\/WhatsApp-Image-2020-09-13-at-23.25.48.jpeg\" class=\"attachment-full size-full wp-post-image\" alt=\"\" srcset=\"http:\/\/3baydavet.com\/wp-content\/uploads\/2020\/09\/WhatsApp-Image-2020-09-13-at-23.25.48-200x150.jpeg 200w, http:\/\/3baydavet.com\/wp-content\/uploads\/2020\/09\/WhatsApp-Image-2020-09-13-at-23.25.48-400x300.jpeg 400w, http:\/\/3baydavet.com\/wp-content\/uploads\/2020\/09\/WhatsApp-Image-2020-09-13-at-23.25.48-600x450.jpeg 600w, http:\/\/3baydavet.com\/wp-content\/uploads\/2020\/09\/WhatsApp-Image-2020-09-13-at-23.25.48-800x600.jpeg 800w, http:\/\/3baydavet.com\/wp-content\/uploads\/2020\/09\/WhatsApp-Image-2020-09-13-at-23.25.48-1200x900.jpeg 1200w, http:\/\/3baydavet.com\/wp-content\/uploads\/2020\/09\/WhatsApp-Image-2020-09-13-at-23.25.48.jpeg 1600w\" sizes=\"(min-width: 2200px) 100vw, (min-width: 1004px) 363px, (min-width: 822px) 545px, (min-width: 640px) 822px, \" \/>\n\t\n\n\t\t<div class=\"fusion-rollover\">\n\t<div class=\"fusion-rollover-content\">\n\n\t\t\t\t\n\t\t\t\t\n\t\t\t\t\t\t\t\t\t\t\t\t<h4 class=\"fusion-rollover-title\">\n\t\t\t\t\t<a class=\"fusion-rollover-title-link\" href=\"http:\/\/3baydavet.com\/?avada_portfolio=nisan\">\n\t\t\t\t\t\tN\u0130\u015eAN\t\t\t\t\t<\/a>\n\t\t\t\t<\/h4>\n\t\t\t\n\t\t\t\t\t\t\t\t\n\t\t\n\t\t\t\t<a class=\"fusion-link-wrapper\" href=\"http:\/\/3baydavet.com\/?avada_portfolio=nisan\" aria-label=\"N\u0130\u015eAN\"><\/a>\n\t<\/div>\n<\/div>\n\n\t\n<\/div>\n<div class=\"fusion-portfolio-content\" style=\"background-color:rgba(255,255,255,0);\"><h2 class=\"entry-title fusion-post-title\"><a href=\"http:\/\/3baydavet.com\/?avada_portfolio=nisan\">N\u0130\u015eAN<\/a><\/h2><div class=\"fusion-post-content\"><\/div><\/div><\/div><\/article><article id=\"portfolio-1-post-142\" class=\"fusion-portfolio-post casual culture fusion-col-spacing post-142\"><div class=\"fusion-portfolio-content-wrapper\" style=\"border:1px solid #ebeaea;border-bottom-width:3px;background-color:rgba(255,255,255,0);\"><span class=\"vcard rich-snippet-hidden\"><span class=\"fn\"><a href=\"http:\/\/3baydavet.com\/?author=1\" title=\"3BayDavet taraf\u0131ndan yaz\u0131lan yaz\u0131lar\" rel=\"author\">3BayDavet<\/a><\/span><\/span><span class=\"updated rich-snippet-hidden\">2020-12-31T16:42:57+03:00<\/span>\n\n<div  class=\"fusion-image-wrapper\" aria-haspopup=\"true\">\n\t\n\t\n\t\t\n\t\t\t\t\t<img decoding=\"async\" width=\"2560\" height=\"1920\" src=\"http:\/\/3baydavet.com\/wp-content\/uploads\/2020\/09\/IMG_0998-scaled.jpg\" class=\"attachment-full size-full wp-post-image\" alt=\"\" srcset=\"http:\/\/3baydavet.com\/wp-content\/uploads\/2020\/09\/IMG_0998-200x150.jpg 200w, http:\/\/3baydavet.com\/wp-content\/uploads\/2020\/09\/IMG_0998-400x300.jpg 400w, http:\/\/3baydavet.com\/wp-content\/uploads\/2020\/09\/IMG_0998-600x450.jpg 600w, http:\/\/3baydavet.com\/wp-content\/uploads\/2020\/09\/IMG_0998-800x600.jpg 800w, http:\/\/3baydavet.com\/wp-content\/uploads\/2020\/09\/IMG_0998-1200x900.jpg 1200w, http:\/\/3baydavet.com\/wp-content\/uploads\/2020\/09\/IMG_0998-scaled.jpg 2560w\" sizes=\"(min-width: 2200px) 100vw, (min-width: 1004px) 363px, (min-width: 822px) 545px, (min-width: 640px) 822px, \" \/>\n\t\n\n\t\t<div class=\"fusion-rollover\">\n\t<div class=\"fusion-rollover-content\">\n\n\t\t\t\t\n\t\t\t\t\n\t\t\t\t\t\t\t\t\t\t\t\t<h4 class=\"fusion-rollover-title\">\n\t\t\t\t\t<a class=\"fusion-rollover-title-link\" href=\"http:\/\/3baydavet.com\/?avada_portfolio=acilis\">\n\t\t\t\t\t\tA\u00c7ILI\u015e\t\t\t\t\t<\/a>\n\t\t\t\t<\/h4>\n\t\t\t\n\t\t\t\t\t\t\t\t\n\t\t\n\t\t\t\t<a class=\"fusion-link-wrapper\" href=\"http:\/\/3baydavet.com\/?avada_portfolio=acilis\" aria-label=\"A\u00c7ILI\u015e\"><\/a>\n\t<\/div>\n<\/div>\n\n\t\n<\/div>\n<div class=\"fusion-portfolio-content\" style=\"background-color:rgba(255,255,255,0);\"><h2 class=\"entry-title fusion-post-title\"><a href=\"http:\/\/3baydavet.com\/?avada_portfolio=acilis\">A\u00c7ILI\u015e<\/a><\/h2><div class=\"fusion-post-content\"><\/div><\/div><\/div><\/article><article id=\"portfolio-1-post-1181\" class=\"fusion-portfolio-post buildings casual fusion-col-spacing post-1181\"><div class=\"fusion-portfolio-content-wrapper\" style=\"border:1px solid #ebeaea;border-bottom-width:3px;background-color:rgba(255,255,255,0);\"><span class=\"vcard rich-snippet-hidden\"><span class=\"fn\"><a href=\"http:\/\/3baydavet.com\/?author=1\" title=\"3BayDavet taraf\u0131ndan yaz\u0131lan yaz\u0131lar\" rel=\"author\">3BayDavet<\/a><\/span><\/span><span class=\"updated rich-snippet-hidden\">2020-12-31T17:07:18+03:00<\/span>\n\n<div  class=\"fusion-image-wrapper\" aria-haspopup=\"true\">\n\t\n\t\n\t\t\n\t\t\t\t\t<img decoding=\"async\" width=\"1080\" height=\"843\" src=\"http:\/\/3baydavet.com\/wp-content\/uploads\/2020\/09\/IMG_0863.jpg\" class=\"attachment-full size-full wp-post-image\" alt=\"\" srcset=\"http:\/\/3baydavet.com\/wp-content\/uploads\/2020\/09\/IMG_0863-200x156.jpg 200w, http:\/\/3baydavet.com\/wp-content\/uploads\/2020\/09\/IMG_0863-400x312.jpg 400w, http:\/\/3baydavet.com\/wp-content\/uploads\/2020\/09\/IMG_0863-600x468.jpg 600w, http:\/\/3baydavet.com\/wp-content\/uploads\/2020\/09\/IMG_0863-800x624.jpg 800w, http:\/\/3baydavet.com\/wp-content\/uploads\/2020\/09\/IMG_0863.jpg 1080w\" sizes=\"(min-width: 2200px) 100vw, (min-width: 1004px) 363px, (min-width: 822px) 545px, (min-width: 640px) 822px, \" \/>\n\t\n\n\t\t<div class=\"fusion-rollover\">\n\t<div class=\"fusion-rollover-content\">\n\n\t\t\t\t\n\t\t\t\t\n\t\t\t\t\t\t\t\t\t\t\t\t<h4 class=\"fusion-rollover-title\">\n\t\t\t\t\t<a class=\"fusion-rollover-title-link\" href=\"http:\/\/3baydavet.com\/?avada_portfolio=kurumsal\">\n\t\t\t\t\t\tKURUMSAL ETK\u0130NL\u0130KLER\t\t\t\t\t<\/a>\n\t\t\t\t<\/h4>\n\t\t\t\n\t\t\t\t\t\t\t\t\n\t\t\n\t\t\t\t<a class=\"fusion-link-wrapper\" href=\"http:\/\/3baydavet.com\/?avada_portfolio=kurumsal\" aria-label=\"KURUMSAL ETK\u0130NL\u0130KLER\"><\/a>\n\t<\/div>\n<\/div>\n\n\t\n<\/div>\n<div class=\"fusion-portfolio-content\" style=\"background-color:rgba(255,255,255,0);\"><h2 class=\"entry-title fusion-post-title\"><a href=\"http:\/\/3baydavet.com\/?avada_portfolio=kurumsal\">KURUMSAL ETK\u0130NL\u0130KLER<\/a><\/h2><div class=\"fusion-post-content\"><\/div><\/div><\/div><\/article><\/div><\/div><\/div><\/div><style type=\"text\/css\">.fusion-body .fusion-builder-column-1{width:100% !important;margin-top : 0px;margin-bottom : 0px;}.fusion-builder-column-1 > .fusion-column-wrapper {padding-top : 0px !important;padding-right : 0px !important;margin-right : 1.92%;padding-bottom : 0px !important;padding-left : 0px !important;margin-left : 1.92%;}@media only screen and (max-width:1024px) {.fusion-body .fusion-builder-column-1{width:100% !important;}.fusion-builder-column-1 > .fusion-column-wrapper {margin-right : 1.92%;margin-left : 1.92%;}}@media only screen and (max-width:640px) {.fusion-body .fusion-builder-column-1{width:100% !important;}.fusion-builder-column-1 > .fusion-column-wrapper {margin-right : 1.92%;margin-left : 1.92%;}}<\/style><div class=\"fusion-layout-column fusion_builder_column fusion-builder-column-2 fusion_builder_column_1_2 1_2 fusion-flex-column\"><div class=\"fusion-column-wrapper fusion-flex-justify-content-flex-start fusion-content-layout-column\" style=\"background-position:left top;background-repeat:no-repeat;-webkit-background-size:cover;-moz-background-size:cover;-o-background-size:cover;background-size:cover;padding: 0px 0px 0px 0px;\"><\/div><\/div><style type=\"text\/css\">.fusion-body .fusion-builder-column-2{width:50% !important;margin-top : 0px;margin-bottom : 50px;}.fusion-builder-column-2 > .fusion-column-wrapper {padding-top : 0px !important;padding-right : 0px !important;margin-right : 3.84%;padding-bottom : 0px !important;padding-left : 0px !important;margin-left : 3.84%;}@media only screen and (max-width:1024px) {.fusion-body .fusion-builder-column-2{width:100% !important;order : 0;}.fusion-builder-column-2 > .fusion-column-wrapper {margin-right : 1.92%;margin-left : 1.92%;}}@media only screen and (max-width:640px) {.fusion-body .fusion-builder-column-2{width:100% !important;order : 0;}.fusion-builder-column-2 > .fusion-column-wrapper {margin-right : 1.92%;margin-left : 1.92%;}}<\/style><div class=\"fusion-layout-column fusion_builder_column fusion-builder-column-3 fusion_builder_column_1_2 1_2 fusion-flex-column\"><div class=\"fusion-column-wrapper fusion-flex-justify-content-flex-start fusion-content-layout-column\" style=\"background-position:left top;background-repeat:no-repeat;-webkit-background-size:cover;-moz-background-size:cover;-o-background-size:cover;background-size:cover;padding: 0px 0px 0px 0px;\"><\/div><\/div><style type=\"text\/css\">.fusion-body .fusion-builder-column-3{width:50% !important;margin-top : 0px;margin-bottom : 50px;}.fusion-builder-column-3 > .fusion-column-wrapper {padding-top : 0px !important;padding-right : 0px !important;margin-right : 3.84%;padding-bottom : 0px !important;padding-left : 0px !important;margin-left : 3.84%;}@media only screen and (max-width:1024px) {.fusion-body .fusion-builder-column-3{width:100% !important;order : 0;}.fusion-builder-column-3 > .fusion-column-wrapper {margin-right : 1.92%;margin-left : 1.92%;}}@media only screen and (max-width:640px) {.fusion-body .fusion-builder-column-3{width:100% !important;order : 0;}.fusion-builder-column-3 > .fusion-column-wrapper {margin-right : 1.92%;margin-left : 1.92%;}}<\/style><\/div><style type=\"text\/css\">.fusion-body .fusion-flex-container.fusion-builder-row-2{ padding-top : 0px;margin-top : 43px;padding-right : 4%;padding-bottom : 100px;margin-bottom : 0px;padding-left : 4%;}@media only screen and (max-width:640px) {.fusion-body .fusion-flex-container.fusion-builder-row-2{ padding-bottom : 60px;}}<\/style><\/div><\/p>\n","protected":false},"excerpt":{"rendered":"","protected":false},"author":1,"featured_media":0,"parent":0,"menu_order":0,"comment_status":"closed","ping_status":"closed","template":"100-width.php","meta":{"footnotes":""},"class_list":["post-7","page","type-page","status-publish","hentry"],"yoast_head":"<!-- This site is optimized with the Yoast SEO plugin v15.5 - https:\/\/yoast.com\/wordpress\/plugins\/seo\/ -->\n<title>3Bay Davet Organizasyon - 3Bay Davet<\/title>\n<meta name=\"description\" content=\"D\u00fc\u011f\u00fcn, Davet, Organizasyon, Kurumsal A\u00e7\u0131l\u0131\u015f ve Davetler, Ni\u015fan, S\u00f6z, K\u0131na, Do\u011fum G\u00fcn\u00fc vb. davetlerinizde hizmetinizdeyiz.\" \/>\n<meta name=\"robots\" content=\"index, follow, max-snippet:-1, max-image-preview:large, max-video-preview:-1\" \/>\n<link rel=\"canonical\" href=\"http:\/\/3baydavet.com\/\" \/>\n<meta property=\"og:locale\" content=\"tr_TR\" \/>\n<meta property=\"og:type\" content=\"article\" \/>\n<meta property=\"og:title\" content=\"3Bay Davet Organizasyon - 3Bay Davet\" \/>\n<meta property=\"og:description\" content=\"D\u00fc\u011f\u00fcn, Davet, Organizasyon, Kurumsal A\u00e7\u0131l\u0131\u015f ve Davetler, Ni\u015fan, S\u00f6z, K\u0131na, Do\u011fum G\u00fcn\u00fc vb. davetlerinizde hizmetinizdeyiz.\" \/>\n<meta property=\"og:url\" content=\"http:\/\/3baydavet.com\/\" \/>\n<meta property=\"og:site_name\" content=\"3Bay Davet\" \/>\n<meta property=\"article:modified_time\" content=\"2021-01-01T14:26:49+00:00\" \/>\n<meta name=\"twitter:card\" content=\"summary_large_image\" \/>\n<meta name=\"twitter:label1\" content=\"Tahmini okuma s\u00fcresi\">\n\t<meta name=\"twitter:data1\" content=\"5 dakika\">\n<script type=\"application\/ld+json\" class=\"yoast-schema-graph\">{\"@context\":\"https:\/\/schema.org\",\"@graph\":[{\"@type\":\"WebSite\",\"@id\":\"http:\/\/3baydavet.com\/#website\",\"url\":\"http:\/\/3baydavet.com\/\",\"name\":\"3Bay Davet\",\"description\":\"Organizasyon &amp; Davet\",\"potentialAction\":[{\"@type\":\"SearchAction\",\"target\":\"http:\/\/3baydavet.com\/?s={search_term_string}\",\"query-input\":\"required name=search_term_string\"}],\"inLanguage\":\"tr\"},{\"@type\":\"WebPage\",\"@id\":\"http:\/\/3baydavet.com\/#webpage\",\"url\":\"http:\/\/3baydavet.com\/\",\"name\":\"3Bay Davet Organizasyon - 3Bay Davet\",\"isPartOf\":{\"@id\":\"http:\/\/3baydavet.com\/#website\"},\"datePublished\":\"2015-11-14T10:58:38+00:00\",\"dateModified\":\"2021-01-01T14:26:49+00:00\",\"description\":\"D\\u00fc\\u011f\\u00fcn, Davet, Organizasyon, Kurumsal A\\u00e7\\u0131l\\u0131\\u015f ve Davetler, Ni\\u015fan, S\\u00f6z, K\\u0131na, Do\\u011fum G\\u00fcn\\u00fc vb. davetlerinizde hizmetinizdeyiz.\",\"inLanguage\":\"tr\",\"potentialAction\":[{\"@type\":\"ReadAction\",\"target\":[\"http:\/\/3baydavet.com\/\"]}]}]}<\/script>\n<!-- \/ Yoast SEO plugin. -->","_links":{"self":[{"href":"http:\/\/3baydavet.com\/index.php?rest_route=\/wp\/v2\/pages\/7","targetHints":{"allow":["GET"]}}],"collection":[{"href":"http:\/\/3baydavet.com\/index.php?rest_route=\/wp\/v2\/pages"}],"about":[{"href":"http:\/\/3baydavet.com\/index.php?rest_route=\/wp\/v2\/types\/page"}],"author":[{"embeddable":true,"href":"http:\/\/3baydavet.com\/index.php?rest_route=\/wp\/v2\/users\/1"}],"replies":[{"embeddable":true,"href":"http:\/\/3baydavet.com\/index.php?rest_route=%2Fwp%2Fv2%2Fcomments&post=7"}],"version-history":[{"count":7,"href":"http:\/\/3baydavet.com\/index.php?rest_route=\/wp\/v2\/pages\/7\/revisions"}],"predecessor-version":[{"id":1212,"href":"http:\/\/3baydavet.com\/index.php?rest_route=\/wp\/v2\/pages\/7\/revisions\/1212"}],"wp:attachment":[{"href":"http:\/\/3baydavet.com\/index.php?rest_route=%2Fwp%2Fv2%2Fmedia&parent=7"}],"curies":[{"name":"wp","href":"https:\/\/api.w.org\/{rel}","templated":true}]}}