{"id":9,"date":"2015-11-14T10:59:24","date_gmt":"2015-11-14T10:59:24","guid":{"rendered":"http:\/\/3baydavet.com\/?page_id=9"},"modified":"2020-12-31T13:26:15","modified_gmt":"2020-12-31T10:26:15","slug":"about-me","status":"publish","type":"page","link":"http:\/\/3baydavet.com\/?page_id=9","title":{"rendered":"Hakk\u0131m\u0131zda"},"content":{"rendered":"<div class=\"fusion-fullwidth fullwidth-box fusion-builder-row-1 fusion-flex-container nonhundred-percent-fullwidth non-hundred-percent-height-scrolling\" style=\"background-color: #ffffff;background-position: left top;background-repeat: no-repeat;border-width: 0px 0px 0px 0px;border-color:#eae9e9;border-style:solid;\" ><div class=\"fusion-builder-row fusion-row fusion-flex-align-items-flex-start\" style=\"max-width:1216.8px;margin-left: calc(-4% \/ 2 );margin-right: calc(-4% \/ 2 );\"><div class=\"fusion-layout-column fusion_builder_column fusion-builder-column-0 fusion_builder_column_1_1 1_1 fusion-flex-column\"><div class=\"fusion-column-wrapper fusion-flex-justify-content-flex-start fusion-content-layout-column\" style=\"background-position:left top;background-repeat:no-repeat;-webkit-background-size:cover;-moz-background-size:cover;-o-background-size:cover;background-size:cover;padding: 0% 15% 0% 15%;\"><style type=\"text\/css\">@media only screen and (max-width:1024px) {.fusion-title.fusion-title-1{margin-top:0px!important;margin-bottom:20px!important;}}<\/style><div class=\"fusion-title title fusion-title-1 fusion-sep-none fusion-title-center fusion-title-text fusion-title-size-three\" style=\"margin-top:0px;margin-bottom:20px;\"><h3 class=\"title-heading-center\" style=\"margin:0;\">Siz Hayal Edin Biz Ger\u00e7ekle\u015ftirelim<\/h3><\/div><div class=\"fusion-text fusion-text-1\" style=\"text-align:center;\"><p>2008 y\u0131l\u0131nda hizmet vermeye ba\u015flayan firmam\u0131z, siz de\u011ferli m\u00fc\u015fterilerimizin talepleri do\u011frultusunda, b\u00fcnyesinde olu\u015fturdu\u011fu ekipman altyap\u0131s\u0131 ve g\u00fc\u00e7l\u00fc kadrosu ile T\u00fcrkiye genelinde hizmet veren say\u0131l\u0131 organizasyon firmalar\u0131ndan birisi olmu\u015ftur. M\u00fc\u015fteri portf\u00f6y\u00fc her g\u00fcn b\u00fcy\u00fcyen firmam\u0131z \u00f6ncelikle ko\u015fulsuz m\u00fc\u015fteri memnuniyetini kendine ilke edinmi\u015ftir.<\/p>\n<p>Firmam\u0131z ba\u015far\u0131l\u0131 ticari ili\u015fkilerin d\u0131\u015f\u0131nda Sosyal Sorumluluk Projelerine\u2019de de\u011ferli katk\u0131lar sa\u011flamaktad\u0131r. Firmam\u0131z sekt\u00f6r\u00fcdeki geli\u015fmeleri takipte olup s\u00fcrekli kendini yenilemekte ve geli\u015ftirmektedir. Konusunda uzman, tak\u0131m \u00e7al\u0131\u015fmas\u0131n\u0131 ilke edinmi\u015f ve yarat\u0131c\u0131 \u00e7al\u0131\u015fanlar\u0131 ile 3Bay Davet Organizasyon her t\u00fcrl\u00fc talebinizi kar\u015f\u0131layacak kapasite ve donan\u0131ma sahiptir.<\/p>\n<\/div><\/div><\/div><style type=\"text\/css\">.fusion-body .fusion-builder-column-0{width:100% !important;margin-top : 0px;margin-bottom : 50px;}.fusion-builder-column-0 > .fusion-column-wrapper {padding-top : 0% !important;padding-right : 15% !important;margin-right : 1.92%;padding-bottom : 0% !important;padding-left : 15% !important;margin-left : 1.92%;}@media only screen and (max-width:1024px) {.fusion-body .fusion-builder-column-0{width:100% !important;}.fusion-builder-column-0 > .fusion-column-wrapper {margin-right : 1.92%;margin-left : 1.92%;}}@media only screen and (max-width:640px) {.fusion-body .fusion-builder-column-0{width:100% !important;margin-bottom : 20px;}.fusion-builder-column-0 > .fusion-column-wrapper {padding-right : 20px !important;margin-right : 1.92%;padding-left : 20px !important;margin-left : 1.92%;}}<\/style><\/div><style type=\"text\/css\">.fusion-body .fusion-flex-container.fusion-builder-row-1{ padding-top : 40px;margin-top : 0px;padding-right : 0px;padding-bottom : 3%;margin-bottom : 0px;padding-left : 0px;}<\/style><\/div>\n","protected":false},"excerpt":{"rendered":"","protected":false},"author":1,"featured_media":0,"parent":0,"menu_order":0,"comment_status":"closed","ping_status":"closed","template":"100-width.php","meta":{"footnotes":""},"class_list":["post-9","page","type-page","status-publish","hentry"],"yoast_head":"<!-- This site is optimized with the Yoast SEO plugin v15.5 - https:\/\/yoast.com\/wordpress\/plugins\/seo\/ -->\n<title>Hakk\u0131m\u0131zda - 3Bay Davet<\/title>\n<meta name=\"robots\" content=\"index, follow, max-snippet:-1, max-image-preview:large, max-video-preview:-1\" \/>\n<link rel=\"canonical\" href=\"http:\/\/3baydavet.com\/?page_id=9\" \/>\n<meta property=\"og:locale\" content=\"tr_TR\" \/>\n<meta property=\"og:type\" content=\"article\" \/>\n<meta property=\"og:title\" content=\"Hakk\u0131m\u0131zda - 3Bay Davet\" \/>\n<meta property=\"og:url\" content=\"http:\/\/3baydavet.com\/?page_id=9\" \/>\n<meta property=\"og:site_name\" content=\"3Bay Davet\" \/>\n<meta property=\"article:modified_time\" content=\"2020-12-31T10:26:15+00:00\" \/>\n<meta name=\"twitter:card\" content=\"summary_large_image\" \/>\n<meta name=\"twitter:label1\" content=\"Tahmini okuma s\u00fcresi\">\n\t<meta name=\"twitter:data1\" content=\"2 dakika\">\n<script type=\"application\/ld+json\" class=\"yoast-schema-graph\">{\"@context\":\"https:\/\/schema.org\",\"@graph\":[{\"@type\":\"WebSite\",\"@id\":\"http:\/\/3baydavet.com\/#website\",\"url\":\"http:\/\/3baydavet.com\/\",\"name\":\"3Bay Davet\",\"description\":\"Organizasyon &amp; Davet\",\"potentialAction\":[{\"@type\":\"SearchAction\",\"target\":\"http:\/\/3baydavet.com\/?s={search_term_string}\",\"query-input\":\"required name=search_term_string\"}],\"inLanguage\":\"tr\"},{\"@type\":\"WebPage\",\"@id\":\"http:\/\/3baydavet.com\/?page_id=9#webpage\",\"url\":\"http:\/\/3baydavet.com\/?page_id=9\",\"name\":\"Hakk\\u0131m\\u0131zda - 3Bay Davet\",\"isPartOf\":{\"@id\":\"http:\/\/3baydavet.com\/#website\"},\"datePublished\":\"2015-11-14T10:59:24+00:00\",\"dateModified\":\"2020-12-31T10:26:15+00:00\",\"inLanguage\":\"tr\",\"potentialAction\":[{\"@type\":\"ReadAction\",\"target\":[\"http:\/\/3baydavet.com\/?page_id=9\"]}]}]}<\/script>\n<!-- \/ Yoast SEO plugin. -->","_links":{"self":[{"href":"http:\/\/3baydavet.com\/index.php?rest_route=\/wp\/v2\/pages\/9","targetHints":{"allow":["GET"]}}],"collection":[{"href":"http:\/\/3baydavet.com\/index.php?rest_route=\/wp\/v2\/pages"}],"about":[{"href":"http:\/\/3baydavet.com\/index.php?rest_route=\/wp\/v2\/types\/page"}],"author":[{"embeddable":true,"href":"http:\/\/3baydavet.com\/index.php?rest_route=\/wp\/v2\/users\/1"}],"replies":[{"embeddable":true,"href":"http:\/\/3baydavet.com\/index.php?rest_route=%2Fwp%2Fv2%2Fcomments&post=9"}],"version-history":[{"count":4,"href":"http:\/\/3baydavet.com\/index.php?rest_route=\/wp\/v2\/pages\/9\/revisions"}],"predecessor-version":[{"id":1080,"href":"http:\/\/3baydavet.com\/index.php?rest_route=\/wp\/v2\/pages\/9\/revisions\/1080"}],"wp:attachment":[{"href":"http:\/\/3baydavet.com\/index.php?rest_route=%2Fwp%2Fv2%2Fmedia&parent=9"}],"curies":[{"name":"wp","href":"https:\/\/api.w.org\/{rel}","templated":true}]}}